{"id":49,"date":"2024-07-16T00:31:20","date_gmt":"2024-07-16T00:31:20","guid":{"rendered":"https:\/\/uerca.com\/?page_id=49"},"modified":"2024-07-18T15:57:12","modified_gmt":"2024-07-18T15:57:12","slug":"49-2","status":"publish","type":"page","link":"https:\/\/uerca.com\/index.php\/49-2\/","title":{"rendered":"Admisiones"},"content":{"rendered":"<p>[et_pb_section fb_built=&#8221;1&#8243; _builder_version=&#8221;4.26.1&#8243; _module_preset=&#8221;default&#8221; global_colors_info=&#8221;{}&#8221;][et_pb_row _builder_version=&#8221;4.26.1&#8243; _module_preset=&#8221;default&#8221; global_colors_info=&#8221;{}&#8221;][et_pb_column type=&#8221;4_4&#8243; _builder_version=&#8221;4.26.1&#8243; _module_preset=&#8221;default&#8221; global_colors_info=&#8221;{}&#8221;][et_pb_text _builder_version=&#8221;4.26.1&#8243; _module_preset=&#8221;default&#8221; text_font=&#8221;|700|||||||&#8221; text_font_size=&#8221;30px&#8221; global_colors_info=&#8221;{}&#8221;]<\/p>\n<p style=\"text-align: center;\">ADMISIONES<\/p>\n<p>[\/et_pb_text][\/et_pb_column][\/et_pb_row][et_pb_row column_structure=&#8221;1_2,1_2&#8243; use_custom_gutter=&#8221;on&#8221; _builder_version=&#8221;4.26.1&#8243; _module_preset=&#8221;default&#8221; background_color=&#8221;rgba(30,30,30,0.07)&#8221; width=&#8221;82%&#8221; max_width=&#8221;2560px&#8221; module_alignment=&#8221;center&#8221; global_colors_info=&#8221;{}&#8221;][et_pb_column type=&#8221;1_2&#8243; _builder_version=&#8221;4.26.1&#8243; _module_preset=&#8221;default&#8221; global_colors_info=&#8221;{}&#8221;][et_pb_text _builder_version=&#8221;4.26.1&#8243; _module_preset=&#8221;default&#8221; text_font=&#8221;|600|||||||&#8221; text_font_size=&#8221;22px&#8221; global_colors_info=&#8221;{}&#8221;]<\/p>\n<p style=\"text-align: center;\">Nuevo Ingreso<\/p>\n<p>[\/et_pb_text][et_pb_text _builder_version=&#8221;4.26.1&#8243; _module_preset=&#8221;default&#8221; custom_margin=&#8221;|30px||30px|false|false&#8221; hover_enabled=&#8221;0&#8243; global_colors_info=&#8221;{}&#8221; sticky_enabled=&#8221;0&#8243;]<\/p>\n<p><strong>1.- <\/strong>Consigne los siguientes recaudos en la instituci\u00f3n:<\/p>\n<ul>\n<li style=\"list-style-type: none;\">\n<ul>\n<li>Llenar e imprimir el formulario de solicitud de inscripci\u00f3n <a href=\"https:\/\/uerca.com\/solicitud_inscripcion.html\" target=\"_blank\" rel=\"noopener\" title=\"Haga click aqu\u00ed par ver el formulario de inscripci\u00f3n.\">Haga click aqu\u00ed para ver el formulario<\/a> o <a href=\"https:\/\/uerca.com\/wp-content\/uploads\/2024\/07\/Formato-de-Solicitud-de-Inscripcion.pdf\" title=\"haga click aqu\u00ed para descargarlo\">haga click aqu\u00ed para descargarlo<\/a> .<\/li>\n<li>2 Fotos tipo carnet representante.<\/li>\n<li>2 fotos tipo carnet del estudiante.<\/li>\n<li>Copia de la c\u00e9dula de identidad de los representantes.<\/li>\n<li>Rif de los representantes.<\/li>\n<li>Copia ultima declaraci\u00f3n ISLR.<\/li>\n<li>Constancia de trabajo o certificai\u00f3n de ingresos.<\/li>\n<li>Informe pscicopedag\u00f3gico del estudiante.<\/li>\n<\/ul>\n<\/li>\n<\/ul>\n<p><strong>2.-\u00a0<\/strong>Una vez recibidos los recaudos, se le asignar\u00e1 una fecha para la entrevista con la directora y la coordinadora del nivel de estudio de su representado.<\/p>\n<p>[\/et_pb_text][\/et_pb_column][et_pb_column type=&#8221;1_2&#8243; _builder_version=&#8221;4.26.1&#8243; _module_preset=&#8221;default&#8221; global_colors_info=&#8221;{}&#8221;][et_pb_text _builder_version=&#8221;4.26.1&#8243; _module_preset=&#8221;default&#8221; text_font=&#8221;|600|||||||&#8221; text_font_size=&#8221;22px&#8221; global_colors_info=&#8221;{}&#8221;]<\/p>\n<p style=\"text-align: center;\">Reinscripci\u00f3n<\/p>\n<p>[\/et_pb_text][et_pb_text _builder_version=&#8221;4.26.1&#8243; _module_preset=&#8221;default&#8221; custom_margin=&#8221;|33px||33px|false|false&#8221; hover_enabled=&#8221;0&#8243; global_colors_info=&#8221;{}&#8221; sticky_enabled=&#8221;0&#8243;]<\/p>\n<p>Puede realizar la reinscripci\u00f3n personalmente en la instituci\u00f3n en horario laboral o realizar el proceso de forma virtual.<\/p>\n<p>Para la reincripci\u00f3n virtual:<\/p>\n<ol>\n<li>Ingrese a su cuenta <a href=\"https:\/\/mi.uerca.com\" target=\"_blank\" rel=\"noopener\" title=\"Ingresar a cuenta\">Ingresar a cuenta<\/a>.<\/li>\n<li>Busque la opci\u00f3n Inscipci\u00f3n en el men\u00fa lateral izquierdo.<\/li>\n<li>Seleccione el estudiante a inscribir.<\/li>\n<li>Haga click en Inscribir.<\/li>\n<\/ol>\n<p>Si tiene varios hijos que estudian en la instituci\u00f3n, deber\u00e1 repetir el proceso por cada estudiante a reinscribir.<\/p>\n<p>[\/et_pb_text][\/et_pb_column][\/et_pb_row][\/et_pb_section]<\/p>\n","protected":false},"excerpt":{"rendered":"<p>ADMISIONESNuevo Ingreso1.- Consigne los siguientes recaudos en la instituci\u00f3n: Llenar e imprimir el formulario de solicitud de inscripci\u00f3n Haga click aqu\u00ed para ver el formulario o haga click aqu\u00ed para descargarlo . 2 Fotos tipo carnet representante. 2 fotos tipo carnet del estudiante. Copia de la c\u00e9dula de identidad de los representantes. Rif de los [&hellip;]<\/p>\n","protected":false},"author":1,"featured_media":0,"parent":0,"menu_order":0,"comment_status":"closed","ping_status":"closed","template":"","meta":{"_et_pb_use_builder":"on","_et_pb_old_content":"","_et_gb_content_width":"","footnotes":""},"class_list":["post-49","page","type-page","status-publish","hentry"],"_links":{"self":[{"href":"https:\/\/uerca.com\/index.php\/wp-json\/wp\/v2\/pages\/49","targetHints":{"allow":["GET"]}}],"collection":[{"href":"https:\/\/uerca.com\/index.php\/wp-json\/wp\/v2\/pages"}],"about":[{"href":"https:\/\/uerca.com\/index.php\/wp-json\/wp\/v2\/types\/page"}],"author":[{"embeddable":true,"href":"https:\/\/uerca.com\/index.php\/wp-json\/wp\/v2\/users\/1"}],"replies":[{"embeddable":true,"href":"https:\/\/uerca.com\/index.php\/wp-json\/wp\/v2\/comments?post=49"}],"version-history":[{"count":11,"href":"https:\/\/uerca.com\/index.php\/wp-json\/wp\/v2\/pages\/49\/revisions"}],"predecessor-version":[{"id":73,"href":"https:\/\/uerca.com\/index.php\/wp-json\/wp\/v2\/pages\/49\/revisions\/73"}],"wp:attachment":[{"href":"https:\/\/uerca.com\/index.php\/wp-json\/wp\/v2\/media?parent=49"}],"curies":[{"name":"wp","href":"https:\/\/api.w.org\/{rel}","templated":true}]}}